{"id":3,"date":"2022-08-01T14:06:14","date_gmt":"2022-08-01T14:06:14","guid":{"rendered":"https:\/\/brightflaremarketing.com\/?page_id=3"},"modified":"2024-09-26T20:39:17","modified_gmt":"2024-09-26T20:39:17","slug":"politica-de-privacidad","status":"publish","type":"page","link":"https:\/\/brightflaremarketing.com\/es\/politica-de-privacidad\/","title":{"rendered":"Politica de Privacidad"},"content":{"rendered":"<div data-elementor-type=\"wp-page\" data-elementor-id=\"3\" class=\"elementor elementor-3\" data-elementor-post-type=\"page\">\n\t\t\t\t\t\t<section class=\"elementor-section elementor-top-section elementor-element elementor-element-ff2cd8a elementor-section-height-min-height elementor-section-boxed elementor-section-height-default elementor-section-items-middle\" data-id=\"ff2cd8a\" data-element_type=\"section\" data-e-type=\"section\" data-settings=\"{&quot;background_background&quot;:&quot;classic&quot;}\">\n\t\t\t\t\t\t\t<div class=\"elementor-background-overlay\"><\/div>\n\t\t\t\t\t\t\t<div class=\"elementor-container elementor-column-gap-default\">\n\t\t\t\t\t<div class=\"elementor-column elementor-col-100 elementor-top-column elementor-element elementor-element-7100abd\" data-id=\"7100abd\" data-element_type=\"column\" data-e-type=\"column\">\n\t\t\t<div class=\"elementor-widget-wrap elementor-element-populated\">\n\t\t\t\t\t\t<div class=\"elementor-element elementor-element-3933f0f elementor-widget elementor-widget-heading\" data-id=\"3933f0f\" data-element_type=\"widget\" data-e-type=\"widget\" data-widget_type=\"heading.default\">\n\t\t\t\t<div class=\"elementor-widget-container\">\n\t\t\t\t\t<h1 class=\"elementor-heading-title elementor-size-default\">POLITICA DE PRIVACIDAD<\/h1>\t\t\t\t<\/div>\n\t\t\t\t<\/div>\n\t\t\t\t\t<\/div>\n\t\t<\/div>\n\t\t\t\t\t<\/div>\n\t\t<\/section>\n\t\t\t\t<section class=\"elementor-section elementor-top-section elementor-element elementor-element-dc4ef81 elementor-section-boxed elementor-section-height-default elementor-section-height-default\" data-id=\"dc4ef81\" data-element_type=\"section\" data-e-type=\"section\">\n\t\t\t\t\t\t<div class=\"elementor-container elementor-column-gap-default\">\n\t\t\t\t\t<div class=\"elementor-column elementor-col-100 elementor-top-column elementor-element elementor-element-1c6a478\" data-id=\"1c6a478\" data-element_type=\"column\" data-e-type=\"column\">\n\t\t\t<div class=\"elementor-widget-wrap elementor-element-populated\">\n\t\t\t\t\t\t<div class=\"elementor-element elementor-element-188cf3b elementor-widget elementor-widget-text-editor\" data-id=\"188cf3b\" data-element_type=\"widget\" data-e-type=\"widget\" data-widget_type=\"text-editor.default\">\n\t\t\t\t<div class=\"elementor-widget-container\">\n\t\t\t\t\t\t\t\t\t<p><strong>\u00a0<\/strong>\u00daltima actualizaci\u00f3n: 10 de Agosto<sup>,<\/sup>, 2022.<\/p><p><strong>\u00a0<\/strong>El sitio oficial de BRIGHT FLARE MARKETING LIMITED  respeta el derecho de privacidad del usuario y se toman las medidas necesarias para mantener segura la informaci\u00f3n que el usuario nos proporcione. Se har\u00e1 buen uso de dicha informaci\u00f3n y se tomar\u00e1n las medidas necesarias para mantener su informaci\u00f3n segura conforme a lo siguiente:<\/p><p>En cumplimiento a lo previsto en la Ley de Irlanda aplicable a la materia de Protecci\u00f3n de Datos Personales (en lo sucesivo \"la Ley\"), le informamos lo siguiente:<\/p><ol><li>- Los datos personales que el usuario nos proporcione y el tratamiento que se le dar\u00e1 a dicha informaci\u00f3n ser\u00e1 efectuado bajo estos t\u00e9rminos y condiciones, por lo cual, desde este momento se entiende que el usuario otorga su consentimiento para dicho tratamiento.<\/li><li>- La informaci\u00f3n ser\u00e1 obtenida de manera directa por del usuario y con su pleno consentimiento.<\/li><li>- La informaci\u00f3n personal que se obtenga se administrar\u00e1 y tendr\u00e1 el uso que se describir\u00e1 a continuaci\u00f3n: Identificarlo y ubicarlo como usuario, poder tener comunicaci\u00f3n con el usuario, contactarlo, hacer env\u00edo de informaci\u00f3n, fines estad\u00edsticos, atender comentarios y\/u opiniones, invitar al usuario a formar parte de las redes sociales de BRIGHT FLARE MARKETING LIMITED, entre otras.<\/li><li>- Es responsabilidad del usuario, que los datos personales que se brinden, sean veraces y completos, as\u00ed como comunicar cualquier cambio en los mismos, para poder darle un buen seguimiento a nuestros servicios.<\/li><li>- El manejo de la informaci\u00f3n personal que se nos proporcione ser\u00e1 usada por el tiempo razonable y \u00fanicamente para cumplir con las obligaciones que se deriven con motivo del v\u00ednculo que se tiene con este sitio.<\/li><li>- La informaci\u00f3n obtenida del usuario ser\u00e1 conservada y protegida con los medios tecnol\u00f3gicos y f\u00edsicos que consideremos adecuados para evitar su p\u00e9rdida, mal uso, alteraci\u00f3n y\/o robo. Los trabajadores y personas autorizadas para su manejo ser\u00e1n las \u00fanicas que puedan tener acceso a esta informaci\u00f3n.<\/li><\/ol><p>7.- En el caso de que se requiera usar sus datos personales distintos a los ya escritos, se le notificar\u00e1 al usuario de forma escrita, telef\u00f3nica, electr\u00f3nica o por cualquier medio \u00f3ptico, sonoro o visual que la tecnolog\u00eda permita para darle dicha informaci\u00f3n con el fin de obtener su autorizaci\u00f3n.<\/p><p>Con la presente Pol\u00edtica les informamos debidamente a los usuarios de este Sitio Web y damos por hecho que el usuario acepta los t\u00e9rminos anteriores en cumplimiento a la Ley aplicable de Irlanda.<\/p><p>Este sitio no se compromete a mantenerlo informado sobre cualquier cambio que pueda sufrir el presente Aviso de Privacidad cuando presente modificaciones, debido a ciertos requerimientos legales o de nuestras propias necesidades por los servicios que se ofrecen.<\/p><p>Si tiene alguna pregunta o duda sobre este Aviso de Privacidad, p\u00f3ngase en contacto con nosotros en <a href=\"mailto:c_info@brightflaremarketing.com\">c_info@brightflaremarketing.com<\/a><\/p>\t\t\t\t\t\t\t\t<\/div>\n\t\t\t\t<\/div>\n\t\t\t\t\t<\/div>\n\t\t<\/div>\n\t\t\t\t\t<\/div>\n\t\t<\/section>\n\t\t\t\t<\/div>","protected":false},"excerpt":{"rendered":"<p>\/*! elementor &#8211; v3.15.0 &#8211; 09-08-2023 *\/ .elementor-heading-title{padding:0;margin:0;line-height:1}.elementor-widget-heading .elementor-heading-title[class*=elementor-size-]&gt;a{color:inherit;font-size:inherit;line-height:inherit}.elementor-widget-heading .elementor-heading-title.elementor-size-small{font-size:15px}.elementor-widget-heading .elementor-heading-title.elementor-size-medium{font-size:19px}.elementor-widget-heading .elementor-heading-title.elementor-size-large{font-size:29px}.elementor-widget-heading .elementor-heading-title.elementor-size-xl{font-size:39px}.elementor-widget-heading .elementor-heading-title.elementor-size-xxl{font-size:59px} PRIVACY POLICY \u00a0Last updated on: August 10th, 2022. \u00a0The official site of BRIGHT FLARE MARKETING LIMITED respects the user&#8217;s right to privacy and the necessary measures are taken to keep the information provided by the user secure. Good use will be [&hellip;]<\/p>\n","protected":false},"author":3,"featured_media":0,"parent":0,"menu_order":0,"comment_status":"closed","ping_status":"open","template":"","meta":{"footnotes":""},"class_list":["post-3","page","type-page","status-publish","hentry"],"_links":{"self":[{"href":"https:\/\/brightflaremarketing.com\/es\/wp-json\/wp\/v2\/pages\/3","targetHints":{"allow":["GET"]}}],"collection":[{"href":"https:\/\/brightflaremarketing.com\/es\/wp-json\/wp\/v2\/pages"}],"about":[{"href":"https:\/\/brightflaremarketing.com\/es\/wp-json\/wp\/v2\/types\/page"}],"author":[{"embeddable":true,"href":"https:\/\/brightflaremarketing.com\/es\/wp-json\/wp\/v2\/users\/3"}],"replies":[{"embeddable":true,"href":"https:\/\/brightflaremarketing.com\/es\/wp-json\/wp\/v2\/comments?post=3"}],"version-history":[{"count":6,"href":"https:\/\/brightflaremarketing.com\/es\/wp-json\/wp\/v2\/pages\/3\/revisions"}],"predecessor-version":[{"id":352,"href":"https:\/\/brightflaremarketing.com\/es\/wp-json\/wp\/v2\/pages\/3\/revisions\/352"}],"wp:attachment":[{"href":"https:\/\/brightflaremarketing.com\/es\/wp-json\/wp\/v2\/media?parent=3"}],"curies":[{"name":"wp","href":"https:\/\/api.w.org\/{rel}","templated":true}]}}